{"id":26,"date":"2016-01-15T18:11:52","date_gmt":"2016-01-15T18:11:52","guid":{"rendered":"https:\/\/69u.24e.myftpupload.com\/?page_id=26"},"modified":"2024-11-05T15:08:17","modified_gmt":"2024-11-05T15:08:17","slug":"marketing","status":"publish","type":"page","link":"https:\/\/www.ls2group.com\/es-es\/what-we-do\/marketing\/","title":{"rendered":"M\u00e1rketing"},"content":{"rendered":"<p>Ofrecemos una gama completa de servicios de marketing para crear campa\u00f1as que resuenen con el p\u00fablico objetivo de nuestro cliente. Tenemos los dedos en el pulso de los consumidores en una amplia variedad de industrias, lo que nos permite ver cualquier desaf\u00edo de marketing a trav\u00e9s de m\u00faltiples lentes. Podemos dise\u00f1ar y gestionar todo el proceso desde cero, o asociarnos con los clientes para desarrollar y ejecutar estrategias.<\/p>\n<ul class=\"plus\" style=\"list-style-type: none;\">\n<li>Dise\u00f1o y direcci\u00f3n creativa<\/li>\n<li>Planificaci\u00f3n estrat\u00e9gica, redacci\u00f3n y gesti\u00f3n de proyectos.<\/li>\n<li>Publicidad digital e impresa, compra de medios<\/li>\n<li>Estrategia, gesti\u00f3n y ejecuci\u00f3n de redes sociales<\/li>\n<li>Exploraci\u00f3n de marca, desarrollo de logotipos y garant\u00eda.<\/li>\n<li>Idea y producci\u00f3n de video<\/li>\n<li>Dise\u00f1o y desarrollo de sitios web, Optimizaci\u00f3n de motores de b\u00fasqueda (SEO)<\/li>\n<li>Marketing de ferias comerciales<\/li>\n<\/ul>","protected":false},"excerpt":{"rendered":"<p>We offer a full range of marketing services to create campaigns that resonate with our client&#8217;s target audience. We have our fingers on the pulse of consumers in a wide variety of industries, which allows us to view any marketing challenge through multiple lenses. We can design and manage the entire process from the ground&#8230;  <a class=\"excerpt-read-more\" href=\"https:\/\/www.ls2group.com\/es-es\/what-we-do\/marketing\/\" title=\"Read Marketing\"><\/a><\/p>","protected":false},"author":1,"featured_media":4525,"parent":2270,"menu_order":5,"comment_status":"closed","ping_status":"closed","template":"template-service.php","meta":{"footnotes":""},"categories":[6],"class_list":["post-26","page","type-page","status-publish","has-post-thumbnail","hentry","category-marketing"],"_links":{"self":[{"href":"https:\/\/www.ls2group.com\/es-es\/wp-json\/wp\/v2\/pages\/26","targetHints":{"allow":["GET"]}}],"collection":[{"href":"https:\/\/www.ls2group.com\/es-es\/wp-json\/wp\/v2\/pages"}],"about":[{"href":"https:\/\/www.ls2group.com\/es-es\/wp-json\/wp\/v2\/types\/page"}],"author":[{"embeddable":true,"href":"https:\/\/www.ls2group.com\/es-es\/wp-json\/wp\/v2\/users\/1"}],"replies":[{"embeddable":true,"href":"https:\/\/www.ls2group.com\/es-es\/wp-json\/wp\/v2\/comments?post=26"}],"version-history":[{"count":1,"href":"https:\/\/www.ls2group.com\/es-es\/wp-json\/wp\/v2\/pages\/26\/revisions"}],"predecessor-version":[{"id":3213,"href":"https:\/\/www.ls2group.com\/es-es\/wp-json\/wp\/v2\/pages\/26\/revisions\/3213"}],"up":[{"embeddable":true,"href":"https:\/\/www.ls2group.com\/es-es\/wp-json\/wp\/v2\/pages\/2270"}],"wp:featuredmedia":[{"embeddable":true,"href":"https:\/\/www.ls2group.com\/es-es\/wp-json\/wp\/v2\/media\/4525"}],"wp:attachment":[{"href":"https:\/\/www.ls2group.com\/es-es\/wp-json\/wp\/v2\/media?parent=26"}],"wp:term":[{"taxonomy":"category","embeddable":true,"href":"https:\/\/www.ls2group.com\/es-es\/wp-json\/wp\/v2\/categories?post=26"}],"curies":[{"name":"wp","href":"https:\/\/api.w.org\/{rel}","templated":true}]}}